{"id":1630,"date":"2024-03-15T05:41:14","date_gmt":"2024-03-15T05:41:14","guid":{"rendered":"https:\/\/theweekly-horoscope.com\/?page_id=1630"},"modified":"2024-03-18T06:14:44","modified_gmt":"2024-03-18T06:14:44","slug":"about-me","status":"publish","type":"page","link":"https:\/\/theweekly-horoscope.com\/fr\/about-me\/","title":{"rendered":"Sur moi"},"content":{"rendered":"<p>Je m&#039;appelle Helena Gor et je crois fermement que l&#039;astrologie est la cl\u00e9 pour comprendre les profondeurs de notre \u00eatre et les motivations cach\u00e9es qui nous guident tout au long de la vie. Depuis vingt ans, je me consacre \u00e0 l&#039;\u00e9tude de l&#039;astrologie, cherchant \u00e0 percer les myst\u00e8res de l&#039;Univers et son influence sur chacun de nos destins individuels.<\/p>\n\n\n\n<figure class=\"wp-block-image size-large\"><img decoding=\"async\" width=\"717\" height=\"1024\" src=\"https:\/\/theweekly-horoscope.com\/wp-content\/uploads\/2024\/03\/65f3db2ed50cf-717x1024.png\" alt=\"\" class=\"wp-image-1631\" title=\"\" srcset=\"https:\/\/theweekly-horoscope.com\/wp-content\/uploads\/2024\/03\/65f3db2ed50cf-717x1024.png 717w, https:\/\/theweekly-horoscope.com\/wp-content\/uploads\/2024\/03\/65f3db2ed50cf-210x300.png 210w, https:\/\/theweekly-horoscope.com\/wp-content\/uploads\/2024\/03\/65f3db2ed50cf-768x1097.png 768w, https:\/\/theweekly-horoscope.com\/wp-content\/uploads\/2024\/03\/65f3db2ed50cf-8x12.png 8w, https:\/\/theweekly-horoscope.com\/wp-content\/uploads\/2024\/03\/65f3db2ed50cf.png 896w\" sizes=\"(max-width: 717px) 100vw, 717px\" \/><\/figure>\n\n\n\n<p>Mon voyage dans le monde de l\u2019astrologie a commenc\u00e9 par une simple curiosit\u00e9 et le d\u00e9sir de comprendre comment les \u00e9toiles et les plan\u00e8tes pouvaient avoir une influence si profonde sur nos vies. Au fil des ann\u00e9es, cette curiosit\u00e9 s&#039;est transform\u00e9e en passion et en parcours professionnel, m&#039;amenant \u00e0 une exploration approfondie des th\u00e8mes, symboles et aspects astrologiques. J&#039;ai d\u00e9couvert que l&#039;astrologie ne consiste pas seulement \u00e0 pr\u00e9dire l&#039;avenir ; c&#039;est un outil de conscience de soi et de croissance.<\/p>\n\n\n\n<p>Sur mon site Web, theweekly-horoscope.com, je partage mes connaissances et mes id\u00e9es, offrant aux lecteurs une perspective unique sur l&#039;astrologie. Je crois que l&#039;astrologie peut \u00eatre un outil puissant de d\u00e9veloppement personnel, nous aidant non seulement \u00e0 comprendre nos forces et nos faiblesses, mais aussi \u00e0 trouver des moyens d&#039;atteindre l&#039;harmonie et le bonheur dans la vie.<\/p>\n\n\n\n<p>Chaque semaine, je propose des horoscopes d\u00e9taill\u00e9s qui refl\u00e8tent les tendances astrologiques actuelles et leur impact potentiel sur divers aspects de nos vies. Mon objectif est de rendre l&#039;astrologie accessible et compr\u00e9hensible \u00e0 tous ceux qui cherchent \u00e0 se perfectionner et \u00e0 se conna\u00eetre.<\/p>\n\n\n\n<p>Je vous invite \u00e0 me rejoindre sur theweekly-horoscope.com, o\u00f9 vous pourrez trouver non seulement des horoscopes hebdomadaires mais \u00e9galement une multitude d&#039;articles et de mat\u00e9riels qui vous aideront \u00e0 mieux comprendre les principes astrologiques et leur application dans la vie quotidienne. Ensemble, nous pouvons explorer la magnificence de l\u2019astrologie et ses possibilit\u00e9s infinies de croissance personnelle et de r\u00e9alisation de soi.<\/p>\n\n\n\n<ul class=\"wp-block-social-links is-layout-flex wp-block-social-links-is-layout-flex\"><li class=\"wp-social-link wp-social-link-facebook  wp-block-social-link\"><a href=\"https:\/\/www.facebook.com\/profile.php?id=61557476096819\" class=\"wp-block-social-link-anchor\" target=\"_blank\" rel=\"noopener\"><svg width=\"24\" height=\"24\" viewbox=\"0 0 24 24\" version=\"1.1\" xmlns=\"http:\/\/www.w3.org\/2000\/svg\" aria-hidden=\"true\" focusable=\"false\"><path d=\"M12 2C6.5 2 2 6.5 2 12c0 5 3.7 9.1 8.4 9.9v-7H7.9V12h2.5V9.8c0-2.5 1.5-3.9 3.8-3.9 1.1 0 2.2.2 2.2.2v2.5h-1.3c-1.2 0-1.6.8-1.6 1.6V12h2.8l-.4 2.9h-2.3v7C18.3 21.1 22 17 22 12c0-5.5-4.5-10-10-10z\"><\/path><\/svg><span class=\"wp-block-social-link-label screen-reader-text\">Facebook<\/span><\/a><\/li>\n\n<li class=\"wp-social-link wp-social-link-twitter  wp-block-social-link\"><a href=\"https:\/\/twitter.com\/HGorn27305%20\" class=\"wp-block-social-link-anchor\" target=\"_blank\" rel=\"noopener\"><svg width=\"24\" height=\"24\" viewbox=\"0 0 24 24\" version=\"1.1\" xmlns=\"http:\/\/www.w3.org\/2000\/svg\" aria-hidden=\"true\" focusable=\"false\"><path d=\"M22.23,5.924c-0.736,0.326-1.527,0.547-2.357,0.646c0.847-0.508,1.498-1.312,1.804-2.27 c-0.793,0.47-1.671,0.812-2.606,0.996C18.324,4.498,17.257,4,16.077,4c-2.266,0-4.103,1.837-4.103,4.103 c0,0.322,0.036,0.635,0.106,0.935C8.67,8.867,5.647,7.234,3.623,4.751C3.27,5.357,3.067,6.062,3.067,6.814 c0,1.424,0.724,2.679,1.825,3.415c-0.673-0.021-1.305-0.206-1.859-0.513c0,0.017,0,0.034,0,0.052c0,1.988,1.414,3.647,3.292,4.023 c-0.344,0.094-0.707,0.144-1.081,0.144c-0.264,0-0.521-0.026-0.772-0.074c0.522,1.63,2.038,2.816,3.833,2.85 c-1.404,1.1-3.174,1.756-5.096,1.756c-0.331,0-0.658-0.019-0.979-0.057c1.816,1.164,3.973,1.843,6.29,1.843 c7.547,0,11.675-6.252,11.675-11.675c0-0.178-0.004-0.355-0.012-0.531C20.985,7.47,21.68,6.747,22.23,5.924z\"><\/path><\/svg><span class=\"wp-block-social-link-label screen-reader-text\">Twitter<\/span><\/a><\/li><\/ul>","protected":false},"excerpt":{"rendered":"<p>My name is Helena Gor, and I firmly believe that astrology is the key to understanding the depths of our being and the hidden motivations that guide us through life. For the past twenty years, I have dedicated myself to the study of astrology, seeking to unlock the mysteries of the Universe and its influence [&hellip;]<\/p>\n","protected":false},"author":3,"featured_media":0,"parent":0,"menu_order":0,"comment_status":"closed","ping_status":"closed","template":"","meta":{"_acf_changed":false,"footnotes":""},"class_list":["post-1630","page","type-page","status-publish","hentry"],"acf":[],"_links":{"self":[{"href":"https:\/\/theweekly-horoscope.com\/fr\/wp-json\/wp\/v2\/pages\/1630","targetHints":{"allow":["GET"]}}],"collection":[{"href":"https:\/\/theweekly-horoscope.com\/fr\/wp-json\/wp\/v2\/pages"}],"about":[{"href":"https:\/\/theweekly-horoscope.com\/fr\/wp-json\/wp\/v2\/types\/page"}],"author":[{"embeddable":true,"href":"https:\/\/theweekly-horoscope.com\/fr\/wp-json\/wp\/v2\/users\/3"}],"replies":[{"embeddable":true,"href":"https:\/\/theweekly-horoscope.com\/fr\/wp-json\/wp\/v2\/comments?post=1630"}],"version-history":[{"count":4,"href":"https:\/\/theweekly-horoscope.com\/fr\/wp-json\/wp\/v2\/pages\/1630\/revisions"}],"predecessor-version":[{"id":1655,"href":"https:\/\/theweekly-horoscope.com\/fr\/wp-json\/wp\/v2\/pages\/1630\/revisions\/1655"}],"wp:attachment":[{"href":"https:\/\/theweekly-horoscope.com\/fr\/wp-json\/wp\/v2\/media?parent=1630"}],"curies":[{"name":"wp","href":"https:\/\/api.w.org\/{rel}","templated":true}]}}