{"id":1457,"date":"2024-01-17T05:56:55","date_gmt":"2024-01-17T05:56:55","guid":{"rendered":"https:\/\/theweekly-horoscope.com\/?page_id=1457"},"modified":"2026-04-05T19:03:38","modified_gmt":"2026-04-05T19:03:38","slug":"capricorn-horoscope","status":"publish","type":"page","link":"https:\/\/theweekly-horoscope.com\/fr\/capricorn-horoscope\/","title":{"rendered":"Horoscope Capricorne"},"content":{"rendered":"<h2>Semaine du 06\/04\/2026 au 12\/04\/2026<\/h2>\n<p><em>Le cosmos est en perp\u00e9tuelle \u00e9volution, \u00e0 l&#039;image de nos parcours de vie. Cette semaine, les astres s&#039;alignent pour que les Capricornes rel\u00e8vent de nouveaux d\u00e9fis et saisissent de nouvelles opportunit\u00e9s. Tandis que vous naviguez au gr\u00e9 des \u00e9v\u00e9nements, souvenez-vous que la croissance na\u00eet souvent des \u00e9preuves et des efforts. Ayez confiance en votre travail acharn\u00e9 et votre d\u00e9termination, car ils sont vos guides. Restez ouvert aux possibilit\u00e9s que l&#039;univers vous r\u00e9serve et sachez que votre pers\u00e9v\u00e9rance portera ses fruits si vous restez fid\u00e8le \u00e0 vos objectifs.<\/em><\/p>\n<p><strong>Lundi (06.04.2026)<\/strong>Ce lundi est une occasion unique de r\u00e9flexion. Vous pourriez \u00eatre amen\u00e9 \u00e0 reconsid\u00e9rer des d\u00e9cisions pass\u00e9es. Profitez-en pour d\u00e9finir de nouvelles intentions. Votre intuition sera forte\u00a0; \u00e9coutez-la. La collaboration avec vos coll\u00e8gues portera ses fruits. Pr\u00e9parez-vous \u00e0 des \u00e9changes constructifs qui pourraient d\u00e9boucher sur des avanc\u00e9es inattendues dans vos projets. N&#039;oubliez pas de faire des pauses et de trouver un \u00e9quilibre face \u00e0 cette surcharge mentale.<\/p>\n<p><strong>Mardi (07.04.2026)<\/strong>Aujourd&#039;hui, la d\u00e9termination et la concentration sont essentielles. Des obstacles se dresseront peut-\u00eatre sur votre chemin, mais c&#039;est l&#039;occasion de briller. La pers\u00e9v\u00e9rance dont vous ferez preuve aujourd&#039;hui influencera votre fa\u00e7on d&#039;aborder les d\u00e9fis futurs. Canalisez votre \u00e9nergie vers un projet ou un objectif qui a du sens. Prenez contact avec un mentor ou une personne inspirante\u00a0; ses conseils pourraient \u00e9clairer votre chemin. Cultivez vos relations, tant au travail qu&#039;\u00e0 la maison, pour une ambiance harmonieuse.<\/p>\n<p><strong>Mercredi (08.04.2026)<\/strong>Le milieu de semaine est propice \u00e0 une explosion de cr\u00e9ativit\u00e9 et d&#039;innovation. Laissez libre cours \u00e0 votre imagination et r\u00e9fl\u00e9chissez \u00e0 des solutions aux probl\u00e8mes actuels. Explorez des fa\u00e7ons d&#039;int\u00e9grer vos id\u00e9es dans des applications concr\u00e8tes. Vos relations personnelles pourraient n\u00e9cessiter plus d&#039;attention aujourd&#039;hui\u00a0; prenez du temps pour vos proches. Reprenez vos engagements, m\u00eame ceux que vous auriez pu n\u00e9gliger. Les relations que vous cultiverez maintenant enrichiront consid\u00e9rablement votre vie.<\/p>\n<p><strong>Jeudi (09.04.2026)<\/strong>Attendez-vous \u00e0 une journ\u00e9e pleine de surprises ce jeudi. Les astres sont align\u00e9s, cr\u00e9ant des opportunit\u00e9s inattendues qui vous inciteront \u00e0 sortir de votre zone de confort. \u00c9largir votre r\u00e9seau peut s&#039;av\u00e9rer extr\u00eamement b\u00e9n\u00e9fique\u00a0; soyez ouvert(e) aux nouvelles rencontres et n&#039;h\u00e9sitez pas \u00e0 partager vos aspirations. Soyez attentif(ve) aux signes de l&#039;univers qui pourraient vous guider vers une nouvelle voie. Faites confiance \u00e0 votre intuition\u00a0: elle vous guidera avec sagesse.<\/p>\n<p><strong>Vendredi (10.04.2026)<\/strong>Alors que la semaine touche \u00e0 sa fin, prenez soin de vous. L&#039;\u00e9nergie de l&#039;univers vous invite \u00e0 cultiver votre bien-\u00eatre mental et \u00e9motionnel. Accordez-vous un temps d&#039;introspection, par exemple en \u00e9crivant dans un journal ou en m\u00e9ditant, pour y voir plus clair. Aujourd&#039;hui, il est essentiel de vous d\u00e9connecter des distractions et de vous ressourcer. \u00catre honn\u00eate avec vous-m\u00eame quant \u00e0 vos besoins est la cl\u00e9 d&#039;un week-end \u00e9panouissant.<\/p>\n<p><strong>Samedi (11.04.2026)<\/strong>Ce samedi vous invite \u00e0 la convivialit\u00e9 et aux plaisirs de la vie. Profitez de la compagnie de vos proches et laissez la joie et les rires vous ressourcer. L&#039;\u00e9nergie du jour favorise la spontan\u00e9it\u00e9, alors laissez-vous aller ! Si vous \u00eates invit\u00e9 \u00e0 un \u00e9v\u00e9nement, n&#039;h\u00e9sitez pas \u00e0 y participer et \u00e0 \u00e9largir votre r\u00e9seau ; vous pourriez y rencontrer une personne inspirante ou avec qui collaborer. Cultivez la gratitude dans vos \u00e9changes.<\/p>\n<p><strong>Dimanche (12.04.2026)<\/strong>Le dernier jour de la semaine est propice \u00e0 la r\u00e9flexion sur vos accomplissements. Cultivez la gratitude et la reconnaissance pour tout ce que vous avez r\u00e9alis\u00e9 jusqu&#039;\u00e0 pr\u00e9sent. Profitez de ce dimanche pour vous accorder un moment de calme et visualiser vos objectifs futurs. Passez du temps dans la nature ou adonnez-vous \u00e0 un loisir qui vous ressource. Cette journ\u00e9e est d\u00e9di\u00e9e au renouveau et \u00e0 la pr\u00e9paration de la semaine \u00e0 venir\u00a0; vivez-la pleinement.<\/p>\n<p><em>Cette semaine t\u00e9moigne de votre r\u00e9silience de Capricorne. Alors que vous abordez les chemins qui s&#039;offrent \u00e0 vous, souvenez-vous que chaque d\u00e9fi est une opportunit\u00e9. Ayez confiance en vos capacit\u00e9s, restez fid\u00e8le \u00e0 votre projet et sachez que l&#039;univers r\u00e9compense les efforts soutenus. Vous avez la force de r\u00e9aliser vos r\u00eaves, alors continuez d&#039;avancer. Chaque pas que vous faites vous rapproche de la vie que vous imaginez.<\/em><\/p>","protected":false},"excerpt":{"rendered":"<p>Week of 06.04.2026-12.04.2026 The cosmos is ever-shifting, just like our paths in life. This week, the stars align the way for Capricorns to embrace new challenges and opportunities. As you navigate the currents of fate, remember that growth often comes from strife and effort. Trust your hard work and determination, for they are your guiding [&hellip;]<\/p>\n","protected":false},"author":1,"featured_media":1474,"parent":0,"menu_order":0,"comment_status":"open","ping_status":"closed","template":"","meta":{"_acf_changed":false,"footnotes":""},"class_list":["post-1457","page","type-page","status-publish","has-post-thumbnail","hentry"],"acf":[],"_links":{"self":[{"href":"https:\/\/theweekly-horoscope.com\/fr\/wp-json\/wp\/v2\/pages\/1457","targetHints":{"allow":["GET"]}}],"collection":[{"href":"https:\/\/theweekly-horoscope.com\/fr\/wp-json\/wp\/v2\/pages"}],"about":[{"href":"https:\/\/theweekly-horoscope.com\/fr\/wp-json\/wp\/v2\/types\/page"}],"author":[{"embeddable":true,"href":"https:\/\/theweekly-horoscope.com\/fr\/wp-json\/wp\/v2\/users\/1"}],"replies":[{"embeddable":true,"href":"https:\/\/theweekly-horoscope.com\/fr\/wp-json\/wp\/v2\/comments?post=1457"}],"version-history":[{"count":114,"href":"https:\/\/theweekly-horoscope.com\/fr\/wp-json\/wp\/v2\/pages\/1457\/revisions"}],"predecessor-version":[{"id":4898,"href":"https:\/\/theweekly-horoscope.com\/fr\/wp-json\/wp\/v2\/pages\/1457\/revisions\/4898"}],"wp:featuredmedia":[{"embeddable":true,"href":"https:\/\/theweekly-horoscope.com\/fr\/wp-json\/wp\/v2\/media\/1474"}],"wp:attachment":[{"href":"https:\/\/theweekly-horoscope.com\/fr\/wp-json\/wp\/v2\/media?parent=1457"}],"curies":[{"name":"wp","href":"https:\/\/api.w.org\/{rel}","templated":true}]}}