{"id":1452,"date":"2024-01-17T05:51:54","date_gmt":"2024-01-17T05:51:54","guid":{"rendered":"https:\/\/theweekly-horoscope.com\/?page_id=1452"},"modified":"2026-03-29T19:03:40","modified_gmt":"2026-03-29T19:03:40","slug":"sagittarius-horoscope","status":"publish","type":"page","link":"https:\/\/theweekly-horoscope.com\/fr\/sagittarius-horoscope\/","title":{"rendered":"Horoscope Sagittaire"},"content":{"rendered":"<h2>Semaine du 30\/03\/2026 au 05\/04\/2026<\/h2>\n<p><em>Cette semaine, alors que les astres s&#039;alignent, ayez confiance : l&#039;univers a un plan pour vous. Accueillez l&#039;inconnu avec un c\u0153ur ouvert et un esprit curieux. Le cosmos vous encourage \u00e0 vous concentrer sur votre d\u00e9veloppement personnel et votre sagesse int\u00e9rieure. Souvenez-vous que chaque exp\u00e9rience est une \u00e9tape vers votre v\u00e9ritable chemin, et que la confiance en vous vous guidera \u00e0 travers les incertitudes. Laissez briller vos aspirations, car elles sont les \u00e9toiles qui \u00e9clairent votre voyage.<\/em><\/p>\n<p><strong>Lundi (30.03.2026)<\/strong>Cette semaine commence sous le signe de l&#039;\u00e9nergie, ce qui en fait le moment id\u00e9al pour planifier et d\u00e9finir vos intentions. La Lune influence votre secteur de la cr\u00e9ativit\u00e9, stimulant votre imagination. C&#039;est le moment id\u00e9al pour r\u00e9fl\u00e9chir \u00e0 de nouvelles id\u00e9es ou vous lancer dans un projet personnel. N&#039;h\u00e9sitez pas \u00e0 exprimer vos opinions\u00a0: vos mots inspireront les autres. Souvenez-vous, la confiance en soi est essentielle\u00a0; faites confiance \u00e0 votre intuition et faites le premier pas vers vos r\u00eaves.<\/p>\n<p><strong>Mardi (31.03.2026)<\/strong>Les \u00e9nergies cosmiques d&#039;aujourd&#039;hui illuminent vos relations. Vous pourriez avoir des conversations profondes qui apporteront clart\u00e9 et compr\u00e9hension. C&#039;est le moment id\u00e9al pour apaiser les malentendus avec vos proches. T\u00e9moignez votre reconnaissance \u00e0 ceux qui vous soutiennent\u00a0; un petit geste peut renforcer les liens. Privil\u00e9giez la collaboration \u00e0 la comp\u00e9tition. L&#039;univers r\u00e9compense ceux qui \u0153uvrent en harmonie.<\/p>\n<p><strong>Mercredi (01.04.2026)<\/strong>Le 1er avril pourrait r\u00e9server quelques surprises ; gardez les pieds sur terre. Des informations susceptibles de remettre en question vos certitudes pourraient vous parvenir, mais accueillez-les avec s\u00e9r\u00e9nit\u00e9. Les astres favorisent la flexibilit\u00e9 et l&#039;adaptabilit\u00e9. Ce n&#039;est pas le jour des plans rigides ; laissez-vous porter par les \u00e9v\u00e9nements. De nouvelles opportunit\u00e9s pourraient surgir l\u00e0 o\u00f9 vous ne les attendez pas \u2013 appr\u00e9ciez la spontan\u00e9it\u00e9 de la vie.<\/p>\n<p><strong>Jeudi (02.04.2026)<\/strong>Aujourd&#039;hui, prenez soin de vous et favorisez votre d\u00e9veloppement personnel. Les astres sont align\u00e9s pour vous aider \u00e0 la r\u00e9flexion et \u00e0 l&#039;introspection. R\u00e9fl\u00e9chissez aux aspects de votre vie qui n\u00e9cessitent des ajustements. Prenez le temps d&#039;\u00e9crire vos pens\u00e9es dans un journal ou de pratiquer la pleine conscience. En vous connectant \u00e0 votre \u00eatre int\u00e9rieur, vous d\u00e9couvrirez des pistes pour vos prochaines \u00e9tapes. Laissez le silence vous guider\u00a0: parfois, les r\u00e9ponses les plus claires viennent de l&#039;int\u00e9rieur.<\/p>\n<p><strong>Vendredi (03.04.2026)<\/strong>Alors que la semaine touche \u00e0 sa fin, votre soif d&#039;aventure s&#039;\u00e9veillera. Les \u00e9nergies c\u00e9lestes \u00e9veilleront en vous un d\u00e9sir d&#039;exploration, qu&#039;elle soit physique ou intellectuelle. Que ce soit pour planifier un voyage ou vous plonger dans un nouveau sujet, saisissez l&#039;occasion d&#039;apprendre. Partagez vos d\u00e9couvertes avec vos amis\u00a0; votre enthousiasme est contagieux. Profitez de cette opportunit\u00e9 pour \u00e9largir vos horizons gr\u00e2ce \u00e0 de nouvelles exp\u00e9riences. Laissez votre envie de voyager vous guider vers des aventures palpitantes.<\/p>\n<p><strong>Samedi (04.04.2026)<\/strong>Aujourd&#039;hui, l&#039;accent est mis sur la communaut\u00e9 et les interactions sociales. Prenez contact avec vos amis et \u00e9largissez votre r\u00e9seau\u00a0; votre sociabilit\u00e9 sera \u00e0 son apog\u00e9e. Vous attirerez sans doute des ondes positives. Participez \u00e0 des rassemblements ou des activit\u00e9s de groupe qui correspondent \u00e0 vos passions. N&#039;h\u00e9sitez pas \u00e0 partager vos id\u00e9es\u00a0; la collaboration peut donner lieu \u00e0 des r\u00e9sultats exceptionnels. Les contacts que vous nouerez aujourd&#039;hui pourraient ouvrir la voie \u00e0 de futurs projets.<\/p>\n<p><strong>Dimanche (05.04.2026)<\/strong>Alors que la semaine touche \u00e0 sa fin, prenez un moment pour r\u00e9fl\u00e9chir \u00e0 vos exp\u00e9riences. Cette journ\u00e9e est propice \u00e0 la contemplation des le\u00e7ons apprises. Revoyez vos objectifs et envisagez des ajustements en fonction des nouvelles perspectives. C&#039;est une journ\u00e9e de gratitude\u00a0; appr\u00e9ciez le chemin parcouru et ce qui vous attend. Prenez soin de vous, que ce soit au contact de la nature ou par des activit\u00e9s cr\u00e9atives. Connectez-vous \u00e0 votre vision personnelle et abordez la semaine \u00e0 venir avec optimisme.<\/p>\n<p><em>N&#039;oubliez pas, les \u00e9toiles veillent toujours sur vous. Ayez confiance en vous et en votre chemin. Chaque jour apporte son lot d&#039;opportunit\u00e9s, et chaque d\u00e9fi est une invitation \u00e0 grandir. Accueillez ce voyage avec un c\u0153ur ouvert, sachant que des jours meilleurs vous attendent. Vous \u00eates capable de grandes choses, alors gardez espoir et laissez briller votre lumi\u00e8re.<\/em><\/p>","protected":false},"excerpt":{"rendered":"<p>Week of 30.03.2026-05.04.2026 As the stars align this week, trust that the universe has a plan for you. Embrace the unknown with an open heart and a curious mind. The cosmos encourages you to focus on your growth and inner wisdom. Remember that each experience is a stepping stone toward your true path, and faith [&hellip;]<\/p>\n","protected":false},"author":1,"featured_media":1453,"parent":0,"menu_order":0,"comment_status":"open","ping_status":"closed","template":"","meta":{"_acf_changed":false,"footnotes":""},"class_list":["post-1452","page","type-page","status-publish","has-post-thumbnail","hentry"],"acf":[],"_links":{"self":[{"href":"https:\/\/theweekly-horoscope.com\/fr\/wp-json\/wp\/v2\/pages\/1452","targetHints":{"allow":["GET"]}}],"collection":[{"href":"https:\/\/theweekly-horoscope.com\/fr\/wp-json\/wp\/v2\/pages"}],"about":[{"href":"https:\/\/theweekly-horoscope.com\/fr\/wp-json\/wp\/v2\/types\/page"}],"author":[{"embeddable":true,"href":"https:\/\/theweekly-horoscope.com\/fr\/wp-json\/wp\/v2\/users\/1"}],"replies":[{"embeddable":true,"href":"https:\/\/theweekly-horoscope.com\/fr\/wp-json\/wp\/v2\/comments?post=1452"}],"version-history":[{"count":113,"href":"https:\/\/theweekly-horoscope.com\/fr\/wp-json\/wp\/v2\/pages\/1452\/revisions"}],"predecessor-version":[{"id":4884,"href":"https:\/\/theweekly-horoscope.com\/fr\/wp-json\/wp\/v2\/pages\/1452\/revisions\/4884"}],"wp:featuredmedia":[{"embeddable":true,"href":"https:\/\/theweekly-horoscope.com\/fr\/wp-json\/wp\/v2\/media\/1453"}],"wp:attachment":[{"href":"https:\/\/theweekly-horoscope.com\/fr\/wp-json\/wp\/v2\/media?parent=1452"}],"curies":[{"name":"wp","href":"https:\/\/api.w.org\/{rel}","templated":true}]}}