{"id":1443,"date":"2024-01-17T05:43:51","date_gmt":"2024-01-17T05:43:51","guid":{"rendered":"https:\/\/theweekly-horoscope.com\/?page_id=1443"},"modified":"2026-04-05T19:02:17","modified_gmt":"2026-04-05T19:02:17","slug":"virgo-horoscope","status":"publish","type":"page","link":"https:\/\/theweekly-horoscope.com\/fr\/virgo-horoscope\/","title":{"rendered":"Horoscope Vierge"},"content":{"rendered":"<h2>Semaine du 06\/04\/2026 au 12\/04\/2026<\/h2>\n<p><em>Le cosmos nous murmure des secrets d&#039;espoir et de transformation en cette semaine. Chaque jour est une occasion unique de r\u00e9fl\u00e9chir, de grandir et d&#039;aligner vos actions sur votre v\u00e9ritable nature. Ayez confiance en la sagesse des \u00e9toiles\u00a0; elles \u00e9clairent un chemin o\u00f9 le travail acharn\u00e9 est r\u00e9compens\u00e9. Accueillez l&#039;\u00e9nergie qui vous entoure avec patience et lucidit\u00e9, car chaque d\u00e9fi est un tremplin vers l&#039;excellence. Laissez l&#039;univers vous guider pour d\u00e9couvrir vos forces et souvenez-vous\u00a0: les constellations sont l\u00e0 pour vous rappeler que vous n&#039;\u00eates jamais seul(e) dans cette aventure.<\/em><\/p>\n<p><strong>Lundi (06.04.2026)<\/strong>Vierge, cette semaine d\u00e9marre sur les chapeaux de roue ! Vous vous sentirez particuli\u00e8rement motiv\u00e9(e), surtout dans votre vie professionnelle. Organisez vos t\u00e2ches pour optimiser votre productivit\u00e9 ; pensez \u00e0 cr\u00e9er une liste de choses \u00e0 faire. Votre m\u00e9ticulosit\u00e9 sera un atout pr\u00e9cieux : vos coll\u00e8gues pourraient bien vous solliciter pour obtenir des conseils. N&#039;oubliez pas de rester flexible, car des changements impr\u00e9vus sont possibles. En plus du travail, prenez du temps pour l&#039;introspection, car les r\u00e9flexions que vous aurez aujourd&#039;hui vous donneront un ton positif pour les jours \u00e0 venir.<\/p>\n<p><strong>Mardi (07.04.2026)<\/strong>Pr\u00e9parez-vous \u00e0 une journ\u00e9e riche en \u00e9changes et en retrouvailles. Qu&#039;il s&#039;agisse d&#039;une conversation avec un ami ou d&#039;un moment d&#039;intimit\u00e9 avec votre partenaire, votre capacit\u00e9 \u00e0 communiquer avec authenticit\u00e9 renforcera vos liens. Osez aborder des sentiments que vous avez peut-\u00eatre refoul\u00e9s\u00a0; la vuln\u00e9rabilit\u00e9 peut \u00eatre source de gu\u00e9rison. Vous pourriez aussi d\u00e9couvrir une facette cr\u00e9ative insoup\u00e7onn\u00e9e. Canalisez cette \u00e9nergie dans un projet qui vous passionne et laissez libre cours \u00e0 votre imagination.<\/p>\n<p><strong>Mercredi (08.04.2026)<\/strong>Aujourd&#039;hui, il est important de trouver un \u00e9quilibre entre travail et loisirs. Votre assiduit\u00e9 est certes admirable, mais il est essentiel de vous reposer. Cette journ\u00e9e est id\u00e9ale pour les activit\u00e9s de plein air ou un exercice physique l\u00e9ger, car la nature vous ressourcera. Profitez-en pour d\u00e9finir vos objectifs personnels. Des opportunit\u00e9s inattendues pourraient se pr\u00e9senter, notamment gr\u00e2ce \u00e0 vos interactions sociales. Restez attentif et ouvert d&#039;esprit, car l&#039;avenir vous r\u00e9serve peut-\u00eatre des surprises. Les choix que vous ferez aujourd&#039;hui peuvent vous mener vers un \u00e9panouissement durable.<\/p>\n<p><strong>Jeudi (09.04.2026)<\/strong>L&#039;\u00e9nergie change aujourd&#039;hui, la Lune influen\u00e7ant votre bien-\u00eatre \u00e9motionnel. Il est essentiel d&#039;\u00e9couter votre intuition et d&#039;honorer vos sentiments. Prenez le temps de m\u00e9diter ou d&#039;\u00e9crire dans un journal, en laissant \u00e9merger vos ins\u00e9curit\u00e9s et vos inqui\u00e9tudes. En les affrontant, vous vous donnez les moyens d&#039;avancer sereinement. Au travail, vous pourriez vous voir confier de nouvelles responsabilit\u00e9s\u00a0: c&#039;est un signe de confiance de la part de vos coll\u00e8gues. Accueillez-les, car cela pourrait favoriser votre d\u00e9veloppement personnel. N&#039;oubliez pas que cette introspection est essentielle \u00e0 votre clart\u00e9 d&#039;esprit pour l&#039;avenir.<\/p>\n<p><strong>Vendredi (10.04.2026)<\/strong>Alors que la semaine touche \u00e0 sa fin, vous pourriez ressentir un regain d&#039;\u00e9nergie sociale. Les occasions de r\u00e9seautage seront nombreuses et votre charme sera \u00e0 son apog\u00e9e. Profitez-en pour nouer des contacts avec des personnes influentes susceptibles de faire progresser votre carri\u00e8re. Des conversations positives sont probables, ce qui maintiendra votre optimisme \u00e0 un haut niveau. Si vous envisagiez une collaboration, c&#039;est le moment id\u00e9al pour lancer les discussions. La cr\u00e9ativit\u00e9 est au rendez-vous, alors n&#039;h\u00e9sitez pas \u00e0 partager vos id\u00e9es\u00a0; elles pourraient avoir un impact plus important que vous ne le pensez.<\/p>\n<p><strong>Samedi (11.04.2026)<\/strong>Le samedi est une journ\u00e9e propice \u00e0 la d\u00e9couverte de vos passions et de vos loisirs. Prenez le temps d&#039;explorer ce qui vous apporte de la joie en dehors du travail. Qu&#039;il s&#039;agisse d&#039;une activit\u00e9 artistique ou d&#039;un nouveau livre, n&#039;oubliez pas l&#039;importance de nourrir vos passions. Une atmosph\u00e8re sereine vous permettra de vous ressourcer en famille ou entre amis, renfor\u00e7ant ainsi votre sentiment d&#039;appartenance. \u00c0 l&#039;approche du soir, pourquoi ne pas organiser une r\u00e9union ou une sortie d\u00e9contract\u00e9e\u00a0? Cela vous revigorera et vous apportera un sentiment d&#039;appartenance et de bienveillance.<\/p>\n<p><strong>Dimanche (12.04.2026)<\/strong>Pour clore la semaine en beaut\u00e9, cultivez la gratitude. Prenez le temps de r\u00e9fl\u00e9chir aux joies et aux d\u00e9fis rencontr\u00e9s, en reconnaissant que les deux sont essentiels \u00e0 votre d\u00e9veloppement. Aujourd&#039;hui est id\u00e9al pour un moment de contemplation silencieuse ou des pratiques spirituelles en accord avec vos convictions. Prenez soin de votre bien-\u00eatre mental\u00a0; une promenade paisible dans la nature vous permettra de vous ressourcer. En vous pr\u00e9parant pour la semaine \u00e0 venir, visualisez clairement vos objectifs. \u00c9laborez un plan, tout en restant flexible. Les astres favorisent une attitude ouverte et flexible, vous ouvrant la voie \u00e0 des opportunit\u00e9s et des bienfaits inattendus.<\/p>\n<p><em>Consid\u00e9rez cette semaine comme une toile vierge pour vos aspirations. N&#039;oubliez pas que l&#039;univers conspire en votre faveur, vous incitant \u00e0 avancer avec confiance et gr\u00e2ce. Ayez confiance en vos capacit\u00e9s et sachez que chaque jour est une occasion de vous rapprocher de la vie que vous d\u00e9sirez. En restant ancr\u00e9 dans vos forces, les forces cosmiques s&#039;aligneront pour soutenir votre chemin.<\/em><\/p>","protected":false},"excerpt":{"rendered":"<p>Week of 06.04.2026-12.04.2026 The cosmos whispers secrets of hope and transformation as we navigate this week. Each day offers a unique opportunity to reflect, grow, and align your actions with your truest self. Trust in the wisdom of the stars; they illuminate a path where hard work meets reward. Embrace the energy around you with [&hellip;]<\/p>\n","protected":false},"author":1,"featured_media":1444,"parent":0,"menu_order":0,"comment_status":"open","ping_status":"closed","template":"","meta":{"_acf_changed":false,"footnotes":""},"class_list":["post-1443","page","type-page","status-publish","has-post-thumbnail","hentry"],"acf":[],"_links":{"self":[{"href":"https:\/\/theweekly-horoscope.com\/fr\/wp-json\/wp\/v2\/pages\/1443","targetHints":{"allow":["GET"]}}],"collection":[{"href":"https:\/\/theweekly-horoscope.com\/fr\/wp-json\/wp\/v2\/pages"}],"about":[{"href":"https:\/\/theweekly-horoscope.com\/fr\/wp-json\/wp\/v2\/types\/page"}],"author":[{"embeddable":true,"href":"https:\/\/theweekly-horoscope.com\/fr\/wp-json\/wp\/v2\/users\/1"}],"replies":[{"embeddable":true,"href":"https:\/\/theweekly-horoscope.com\/fr\/wp-json\/wp\/v2\/comments?post=1443"}],"version-history":[{"count":115,"href":"https:\/\/theweekly-horoscope.com\/fr\/wp-json\/wp\/v2\/pages\/1443\/revisions"}],"predecessor-version":[{"id":4894,"href":"https:\/\/theweekly-horoscope.com\/fr\/wp-json\/wp\/v2\/pages\/1443\/revisions\/4894"}],"wp:featuredmedia":[{"embeddable":true,"href":"https:\/\/theweekly-horoscope.com\/fr\/wp-json\/wp\/v2\/media\/1444"}],"wp:attachment":[{"href":"https:\/\/theweekly-horoscope.com\/fr\/wp-json\/wp\/v2\/media?parent=1443"}],"curies":[{"name":"wp","href":"https:\/\/api.w.org\/{rel}","templated":true}]}}