{"id":1423,"date":"2024-01-17T05:18:27","date_gmt":"2024-01-17T05:18:27","guid":{"rendered":"https:\/\/theweekly-horoscope.com\/?page_id=1423"},"modified":"2026-04-05T19:00:52","modified_gmt":"2026-04-05T19:00:52","slug":"taurus-horoscope","status":"publish","type":"page","link":"https:\/\/theweekly-horoscope.com\/fr\/taurus-horoscope\/","title":{"rendered":"Horoscope Taureau"},"content":{"rendered":"<h2>Semaine du 06\/04\/2026 au 12\/04\/2026<\/h2>\n<p><em>L&#039;univers se concerte pour nous rappeler que chaque jour est une nouvelle occasion d&#039;accueillir le changement et de grandir. La semaine prochaine, les astres illumineront votre chemin, vous encourageant \u00e0 sortir de votre zone de confort. Votre pers\u00e9v\u00e9rance sera mise \u00e0 l&#039;\u00e9preuve, mais souvenez-vous que la transformation s&#039;accompagne souvent d&#039;inconfort. Ayez confiance en ce processus et croyez que l&#039;univers vous soutient dans votre d\u00e9marche. Puisez dans votre force int\u00e9rieure et laissez les \u00e9nergies c\u00e9lestes vous guider vers la r\u00e9alisation de vos r\u00eaves.<\/em><\/p>\n<p><strong>Lundi (06.04.2026)<\/strong>Taureau, cette semaine commence sous le signe de l&#039;incertitude. La position de la Lune pourrait susciter des angoisses. Canalisez cette \u00e9nergie dans la r\u00e9flexion et \u00e9valuez ce qui compte vraiment pour vous. Prenez du temps pour vous ressourcer et vous recentrer. \u00c9vitez les d\u00e9cisions impulsives\u00a0; la clart\u00e9 viendra au fil de la semaine. N&#039;h\u00e9sitez pas \u00e0 solliciter le soutien de vos proches, car leurs points de vue peuvent vous apporter la s\u00e9r\u00e9nit\u00e9. Au d\u00e9but de la journ\u00e9e, pensez \u00e0 \u00e9crire dans un journal pour y consigner vos pens\u00e9es et vos sentiments. Appr\u00e9ciez la lenteur du rythme.<\/p>\n<p><strong>Mardi (07.04.2026)<\/strong>Avec V\u00e9nus qui illumine votre secteur de la communication aujourd&#039;hui, c&#039;est le moment id\u00e9al pour nouer des liens avec autrui. Les conversations pourraient d\u00e9boucher sur des opportunit\u00e9s passionnantes ou des r\u00e9v\u00e9lations \u00e9clairantes. Mettez \u00e0 profit votre charme naturel de Taureau pour cultiver vos relations\u00a0; vos mots ont un pouvoir insoup\u00e7onn\u00e9. Sur le plan professionnel, c&#039;est le jour id\u00e9al pour pr\u00e9senter vos id\u00e9es et collaborer avec vos coll\u00e8gues. Soyez attentif, car une inspiration divine pourrait bien se cacher dans leurs paroles. Sachez que vos efforts ne passeront pas inaper\u00e7us.<\/p>\n<p><strong>Mercredi (08.04.2026)<\/strong>En ce milieu de semaine, l&#039;\u00e9nergie se tourne vers l&#039;introspection, Mercure r\u00e9trograde vous incitant \u00e0 r\u00e9\u00e9valuer vos d\u00e9cisions pass\u00e9es. Vous pourriez \u00eatre confront\u00e9(e) \u00e0 des probl\u00e8mes non r\u00e9solus qui requi\u00e8rent votre attention. N&#039;h\u00e9sitez pas \u00e0 explorer vos \u00e9motions ou \u00e0 r\u00e9parer vos relations\u00a0; votre nature pers\u00e9v\u00e9rante vous sera pr\u00e9cieuse. Faites preuve de cr\u00e9ativit\u00e9 pour exprimer vos pens\u00e9es et vos \u00e9motions, par exemple \u00e0 travers l&#039;art ou l&#039;\u00e9criture. Restez fid\u00e8le \u00e0 vos valeurs et rappelez-vous que le progr\u00e8s implique souvent de revenir sur ses pas pour ouvrir la voie \u00e0 de nouveaux d\u00e9parts.<\/p>\n<p><strong>Jeudi (09.04.2026)<\/strong>Taureau, une journ\u00e9e d&#039;ancrage vous attend. L&#039;\u00e9l\u00e9ment Terre est particuli\u00e8rement pr\u00e9sent aujourd&#039;hui, ce qui en fait le moment id\u00e9al pour les t\u00e2ches concr\u00e8tes. Concentrez-vous sur vos finances ou les projets de r\u00e9novation que vous avez remis \u00e0 plus tard. Votre approche pragmatique vous permettra de progresser significativement. \u00c9vitez les distractions et restez fid\u00e8le \u00e0 vos objectifs. C\u00f4t\u00e9 vie personnelle, recherchez l&#039;\u00e9quilibre en cultivant vos liens avec vos proches. De simples gestes de bienveillance contribueront \u00e0 votre bien-\u00eatre \u00e9motionnel.<\/p>\n<p><strong>Vendredi (10.04.2026)<\/strong>\u00c0 l&#039;approche du week-end, les astres vous incitent \u00e0 vous lancer dans un projet cr\u00e9atif ou une initiative personnelle qui vous passionne. Des obstacles pourraient surgir, mais faites confiance \u00e0 votre intuition et souvenez-vous de vos motivations initiales. Le r\u00e9seautage pourrait vous r\u00e9server des opportunit\u00e9s inattendues aujourd&#039;hui\u00a0; n&#039;h\u00e9sitez donc pas \u00e0 partager vos ambitions. L&#039;\u00e9nergie du jour favorise la collaboration et donne toute sa force \u00e0 vos id\u00e9es. Laissez rayonner votre d\u00e9termination et votre charme\u00a0!<\/p>\n<p><strong>Samedi (11.04.2026)<\/strong>Ce week-end est l&#039;occasion id\u00e9ale pour se d\u00e9tendre et profiter du temps libre. Laissez-vous tenter par une escapade ou une simple excursion d&#039;une journ\u00e9e. Renouez avec la nature\u00a0: elle vous ressourcera et vous apportera clart\u00e9 d&#039;esprit. Appr\u00e9ciez la compagnie de ceux qui vous font du bien. Si possible, adonnez-vous \u00e0 des activit\u00e9s ludiques qui vous apporteront rires et joie. Consid\u00e9rez cette journ\u00e9e comme un moment de r\u00e9flexion, un temps pour vous d\u00e9tendre et vivre pleinement l&#039;instant pr\u00e9sent.<\/p>\n<p><strong>Dimanche (12.04.2026)<\/strong>La semaine se termine en beaut\u00e9, l&#039;occasion de c\u00e9l\u00e9brer vos r\u00e9ussites, petites et grandes. C&#039;est une journ\u00e9e de gratitude. Prenez le temps de r\u00e9fl\u00e9chir aux le\u00e7ons apprises durant la semaine et de reconna\u00eetre votre \u00e9volution. C&#039;est le moment id\u00e9al pour des rituels personnels en accord avec vos valeurs et vos intentions. Renouez avec votre spiritualit\u00e9, par exemple par la m\u00e9ditation ou un moment de contemplation silencieuse. Fixez-vous des objectifs pour la semaine \u00e0 venir, en ayant confiance : vous \u00eates plus pr\u00e9par\u00e9(e) que vous ne le pensez \u00e0 relever tous les d\u00e9fis.<\/p>\n<p><em>En cette fin de semaine, rappelez-vous que vous avez le pouvoir de fa\u00e7onner votre r\u00e9alit\u00e9. Chaque instant est une le\u00e7on, chaque exp\u00e9rience vous rapproche de la connaissance de soi. Gardez espoir et restez ouvert aux possibilit\u00e9s qui s&#039;offrent \u00e0 vous. L&#039;univers \u0153uvre en votre faveur. Ayez confiance en votre chemin\u00a0: chaque pas vous rapproche de votre mission.<\/em><\/p>","protected":false},"excerpt":{"rendered":"<p>Week of 06.04.2026-12.04.2026 The cosmos is aligning to remind us that every day is a new opportunity to embrace change and growth. In the coming week, the stars will illuminate your path, encouraging you to step beyond your comfort zone. Your perseverance will be tested, but remember that transformation often comes with discomfort. Trust in [&hellip;]<\/p>\n","protected":false},"author":1,"featured_media":1424,"parent":0,"menu_order":0,"comment_status":"open","ping_status":"closed","template":"","meta":{"_acf_changed":false,"footnotes":""},"class_list":["post-1423","page","type-page","status-publish","has-post-thumbnail","hentry"],"acf":[],"_links":{"self":[{"href":"https:\/\/theweekly-horoscope.com\/fr\/wp-json\/wp\/v2\/pages\/1423","targetHints":{"allow":["GET"]}}],"collection":[{"href":"https:\/\/theweekly-horoscope.com\/fr\/wp-json\/wp\/v2\/pages"}],"about":[{"href":"https:\/\/theweekly-horoscope.com\/fr\/wp-json\/wp\/v2\/types\/page"}],"author":[{"embeddable":true,"href":"https:\/\/theweekly-horoscope.com\/fr\/wp-json\/wp\/v2\/users\/1"}],"replies":[{"embeddable":true,"href":"https:\/\/theweekly-horoscope.com\/fr\/wp-json\/wp\/v2\/comments?post=1423"}],"version-history":[{"count":118,"href":"https:\/\/theweekly-horoscope.com\/fr\/wp-json\/wp\/v2\/pages\/1423\/revisions"}],"predecessor-version":[{"id":4890,"href":"https:\/\/theweekly-horoscope.com\/fr\/wp-json\/wp\/v2\/pages\/1423\/revisions\/4890"}],"wp:featuredmedia":[{"embeddable":true,"href":"https:\/\/theweekly-horoscope.com\/fr\/wp-json\/wp\/v2\/media\/1424"}],"wp:attachment":[{"href":"https:\/\/theweekly-horoscope.com\/fr\/wp-json\/wp\/v2\/media?parent=1423"}],"curies":[{"name":"wp","href":"https:\/\/api.w.org\/{rel}","templated":true}]}}