{"id":1457,"date":"2024-01-17T05:56:55","date_gmt":"2024-01-17T05:56:55","guid":{"rendered":"https:\/\/theweekly-horoscope.com\/?page_id=1457"},"modified":"2026-04-05T19:03:38","modified_gmt":"2026-04-05T19:03:38","slug":"capricorn-horoscope","status":"publish","type":"page","link":"https:\/\/theweekly-horoscope.com\/de\/capricorn-horoscope\/","title":{"rendered":"Steinbock-Horoskop"},"content":{"rendered":"<h2>Woche vom 06.04.2026 bis 12.04.2026<\/h2>\n<p><em>Das Universum ist im st\u00e4ndigen Wandel, genau wie unsere Lebenswege. Diese Woche stehen die Sterne g\u00fcnstig f\u00fcr Steinb\u00f6cke, um neue Herausforderungen und Chancen zu ergreifen. W\u00e4hrend du dich durch die Str\u00f6mungen des Schicksals f\u00fchrst, denke daran, dass Wachstum oft aus Anstrengung und Kampf entsteht. Vertraue auf deine harte Arbeit und deine Entschlossenheit, denn sie sind dein Wegweiser. Bleib offen f\u00fcr die M\u00f6glichkeiten, die das Universum bereith\u00e4lt, und wisse, dass deine Standhaftigkeit Fr\u00fcchte tragen wird, wenn du deinen Zielen treu bleibst.<\/em><\/p>\n<p><strong>Montag (06.04.2026)<\/strong>Dieser Montag bietet eine besondere Gelegenheit zur Selbstreflexion. Vielleicht werden Sie vergangene Entscheidungen noch einmal \u00fcberdenken. Nutzen Sie diesen Moment, um neue Ziele zu setzen. Ihre innere Stimme wird stark sein; h\u00f6ren Sie ihr zu. Die Zusammenarbeit mit Kollegen wird positive Ergebnisse bringen. Seien Sie auf konstruktive Gespr\u00e4che vorbereitet, die zu unerwarteten Durchbr\u00fcchen in Ihren Projekten f\u00fchren k\u00f6nnen. Denken Sie daran, Pausen einzulegen und inmitten der mentalen Belastung f\u00fcr Ausgeglichenheit zu sorgen.<\/p>\n<p><strong>Dienstag (07.04.2026)<\/strong>Heute geht es um Entschlossenheit und Konzentration. Sie werden vielleicht auf Hindernisse sto\u00dfen, aber jetzt ist Ihre Zeit zu gl\u00e4nzen. Ihre heutige Beharrlichkeit wird den Ton angeben, wie Sie zuk\u00fcnftige Herausforderungen meistern. Lenken Sie Ihre Energie auf ein sinnvolles Projekt oder Ziel. Suchen Sie den Kontakt zu einem Mentor oder Vorbild; deren Erkenntnisse k\u00f6nnen Ihnen den Weg weisen. Pflegen Sie Ihre Beziehungen im Beruf und im Privatleben, um eine harmonische Atmosph\u00e4re zu schaffen.<\/p>\n<p><strong>Mittwoch (08.04.2026)<\/strong>Mitte der Woche ist Kreativit\u00e4t und Innovation besonders stark. Lassen Sie Ihrer Fantasie freien Lauf und entwickeln Sie L\u00f6sungen f\u00fcr aktuelle Probleme. \u00dcberlegen Sie, wie Sie Ihre Ideen praktisch umsetzen k\u00f6nnen. Pers\u00f6nliche Beziehungen brauchen heute vielleicht mehr Aufmerksamkeit; nehmen Sie sich Zeit f\u00fcr Ihre Lieben. K\u00fcmmern Sie sich erneut um Verpflichtungen, die Sie vielleicht vernachl\u00e4ssigt haben. Die Beziehungen, die Sie jetzt pflegen, werden Ihr Leben bereichern.<\/p>\n<p><strong>Donnerstag (09.04.2026)<\/strong>Erwarten Sie diesen Donnerstag voller \u00dcberraschungen. Die Planeten stehen g\u00fcnstig, sodass sich unerwartete Chancen ergeben, die Sie dazu anregen, Ihre Komfortzone zu verlassen. Netzwerken kann unglaublich bereichernd sein; seien Sie offen f\u00fcr neue Begegnungen und teilen Sie Ihre Ziele. Achten Sie auf Zeichen des Universums, die Sie in eine neue Richtung lenken k\u00f6nnten. Vertrauen Sie Ihrer Intuition \u2013 sie wird Sie weise leiten.<\/p>\n<p><strong>Freitag (10.04.2026)<\/strong>Zum Ende der Woche ist es wichtig, sich um sich selbst zu k\u00fcmmern. Die Energien des Universums legen nahe, das eigene mentale und emotionale Wohlbefinden zu st\u00e4rken. Nehmen Sie sich Zeit f\u00fcr Selbstreflexion, beispielsweise durch Tagebuchschreiben oder Meditation, um Klarheit zu gewinnen. Heute ist es besonders wichtig, abzuschalten und neue Kraft zu tanken. Ehrlichkeit sich selbst gegen\u00fcber hinsichtlich der eigenen Bed\u00fcrfnisse schafft die Grundlage f\u00fcr ein erf\u00fclltes Wochenende.<\/p>\n<p><strong>Samstag (11.04.2026)<\/strong>Dieser Samstag l\u00e4dt dazu ein, Zeit mit Freunden und Familie zu verbringen und die sch\u00f6nen Seiten des Lebens zu genie\u00dfen. Lass dich von Lachen und Freude beleben. Die positive Stimmung des Tages f\u00f6rdert Spontaneit\u00e4t \u2013 nutze sie! Wenn du zu einer Veranstaltung eingeladen bist, nimm teil und kn\u00fcpfe Kontakte. Vielleicht triffst du jemanden, der dich inspiriert oder mit dem du wertvolle Erfahrungen sammeln kannst. Bewahre in all deinen Begegnungen Dankbarkeit.<\/p>\n<p><strong>Sonntag (12.04.2026)<\/strong>Der letzte Tag der Woche l\u00e4dt dazu ein, \u00fcber deine Erfolge nachzudenken. Genie\u00dfe Dankbarkeit und Anerkennung f\u00fcr alles, was du bisher erreicht hast. Nimm dir diesen Sonntag Zeit f\u00fcr Ruhe und visualisiere deine zuk\u00fcnftigen Ziele. Verbringe Zeit in der Natur oder widme dich einem Hobby, das dir guttut. Dieser Tag dient der Erneuerung und Vorbereitung auf die kommende Woche \u2013 nutze ihn voll aus.<\/p>\n<p><em>Diese Woche beweist deine Widerstandsf\u00e4higkeit als Steinbock. Auf deinem weiteren Weg solltest du bedenken, dass jede Herausforderung eine Chance ist. Vertraue auf deine F\u00e4higkeiten, bleibe deinem Weg treu und wisse, dass Flei\u00df belohnt wird. Du hast die Kraft, deine Tr\u00e4ume zu verwirklichen, also gib nicht auf. Jeder Schritt bringt dich deinem Traumleben n\u00e4her.<\/em><\/p>","protected":false},"excerpt":{"rendered":"<p>Week of 06.04.2026-12.04.2026 The cosmos is ever-shifting, just like our paths in life. This week, the stars align the way for Capricorns to embrace new challenges and opportunities. As you navigate the currents of fate, remember that growth often comes from strife and effort. Trust your hard work and determination, for they are your guiding [&hellip;]<\/p>\n","protected":false},"author":1,"featured_media":1474,"parent":0,"menu_order":0,"comment_status":"open","ping_status":"closed","template":"","meta":{"_acf_changed":false,"footnotes":""},"class_list":["post-1457","page","type-page","status-publish","has-post-thumbnail","hentry"],"acf":[],"_links":{"self":[{"href":"https:\/\/theweekly-horoscope.com\/de\/wp-json\/wp\/v2\/pages\/1457","targetHints":{"allow":["GET"]}}],"collection":[{"href":"https:\/\/theweekly-horoscope.com\/de\/wp-json\/wp\/v2\/pages"}],"about":[{"href":"https:\/\/theweekly-horoscope.com\/de\/wp-json\/wp\/v2\/types\/page"}],"author":[{"embeddable":true,"href":"https:\/\/theweekly-horoscope.com\/de\/wp-json\/wp\/v2\/users\/1"}],"replies":[{"embeddable":true,"href":"https:\/\/theweekly-horoscope.com\/de\/wp-json\/wp\/v2\/comments?post=1457"}],"version-history":[{"count":114,"href":"https:\/\/theweekly-horoscope.com\/de\/wp-json\/wp\/v2\/pages\/1457\/revisions"}],"predecessor-version":[{"id":4898,"href":"https:\/\/theweekly-horoscope.com\/de\/wp-json\/wp\/v2\/pages\/1457\/revisions\/4898"}],"wp:featuredmedia":[{"embeddable":true,"href":"https:\/\/theweekly-horoscope.com\/de\/wp-json\/wp\/v2\/media\/1474"}],"wp:attachment":[{"href":"https:\/\/theweekly-horoscope.com\/de\/wp-json\/wp\/v2\/media?parent=1457"}],"curies":[{"name":"wp","href":"https:\/\/api.w.org\/{rel}","templated":true}]}}