{"id":1452,"date":"2024-01-17T05:51:54","date_gmt":"2024-01-17T05:51:54","guid":{"rendered":"https:\/\/theweekly-horoscope.com\/?page_id=1452"},"modified":"2026-03-29T19:03:40","modified_gmt":"2026-03-29T19:03:40","slug":"sagittarius-horoscope","status":"publish","type":"page","link":"https:\/\/theweekly-horoscope.com\/de\/sagittarius-horoscope\/","title":{"rendered":"Horoskop Sch\u00fctze"},"content":{"rendered":"<h2>Woche vom 30.03.2026 bis 05.04.2026<\/h2>\n<p><em>Diese Woche stehen die Sterne g\u00fcnstig f\u00fcr dich. Vertraue darauf, dass das Universum einen Plan f\u00fcr dich hat. Begegne dem Unbekannten mit offenem Herzen und neugierigem Geist. Der Kosmos ermutigt dich, dich auf dein Wachstum und deine innere Weisheit zu konzentrieren. Denk daran, dass jede Erfahrung ein Schritt auf deinem wahren Weg ist und der Glaube an dich selbst dich durch alle Unsicherheiten f\u00fchren wird. Lass deine Tr\u00e4ume hell erstrahlen, denn sie sind die Leitsterne deiner Reise.<\/em><\/p>\n<p><strong>Montag (30.03.2026)<\/strong>Diese Woche beginnt mit einem Energieschub und ist somit der perfekte Tag, um zu planen und Ziele zu setzen. Der Mond beeinflusst Ihren kreativen Bereich und befl\u00fcgelt Ihre Fantasie. Es ist die ideale Zeit, um neue Ideen zu entwickeln oder ein pers\u00f6nliches Projekt zu starten. Scheuen Sie sich nicht, Ihre Meinung zu \u00e4u\u00dfern \u2013 Ihre Worte werden andere inspirieren. Denken Sie daran: Selbstvertrauen ist der Schl\u00fcssel; vertrauen Sie Ihrer Intuition und wagen Sie den ersten Schritt in Richtung Ihrer Tr\u00e4ume.<\/p>\n<p><strong>Dienstag (31.03.2026)<\/strong>Die kosmischen Energien heute beleuchten deine Beziehungen. Du k\u00f6nntest in tiefgr\u00fcndige Gespr\u00e4che verwickelt werden, die Klarheit und Verst\u00e4ndnis bringen. Es ist eine ideale Zeit, Missverst\u00e4ndnisse mit deinen Lieben auszur\u00e4umen. Zeige deine Wertsch\u00e4tzung f\u00fcr diejenigen, die dich unterst\u00fctzen; eine kleine Geste kann die Bindung st\u00e4rken. Konzentriere dich auf Zusammenarbeit statt auf Konkurrenz. Das Universum belohnt diejenigen, die harmonisch zusammenarbeiten.<\/p>\n<p><strong>Mittwoch (01.04.2026)<\/strong>Der 1. April k\u00f6nnte einige unerwartete \u00dcberraschungen bereithalten; bleiben Sie dennoch gelassen. M\u00f6glicherweise erhalten Sie Informationen, die Ihre bisherige Sichtweise infrage stellen, aber nehmen Sie es gelassen. Die Planetenkonstellation f\u00f6rdert Flexibilit\u00e4t und Anpassungsf\u00e4higkeit. Heute ist kein Tag f\u00fcr starre Pl\u00e4ne; lassen Sie sich stattdessen von den Ereignissen leiten. Sie k\u00f6nnten an unerwarteten Orten neue M\u00f6glichkeiten entdecken \u2013 genie\u00dfen Sie die Spontaneit\u00e4t des Lebens.<\/p>\n<p><strong>Donnerstag (02.04.2026)<\/strong>Heute bietet sich die Gelegenheit, sich auf Selbstf\u00fcrsorge und pers\u00f6nliches Wachstum zu konzentrieren. Die Sterne stehen g\u00fcnstig f\u00fcr Reflexion und Selbstreflexion. \u00dcberlege, welche Bereiche deines Lebens Anpassungen ben\u00f6tigen. Nimm dir Zeit, um deine Gedanken aufzuschreiben oder Achtsamkeits\u00fcbungen zu praktizieren. Die Verbindung zu deinem Inneren wird dir Erkenntnisse f\u00fcr deine n\u00e4chsten Schritte offenbaren. Lass dich von der Stille leiten \u2013 manchmal kommen die deutlichsten Antworten aus deinem Inneren.<\/p>\n<p><strong>Freitag (03.04.2026)<\/strong>Zum Ende der Woche erwacht dein Abenteuergeist. Die himmlischen Energien wecken die Sehnsucht nach Entdeckungen \u2013 sei es im w\u00f6rtlichen oder \u00fcbertragenen Sinne. Ob du eine Reise planst oder in ein neues Thema eintauchst, nutze die Gelegenheit zum Lernen. Teile deine Entdeckungen mit Freunden; deine Begeisterung ist ansteckend. Ergreife die Chance, deinen Horizont durch neue Erfahrungen zu erweitern. Lass dich von deiner Reiselust zu aufregenden Abenteuern f\u00fchren.<\/p>\n<p><strong>Samstag (04.04.2026)<\/strong>Dieser Tag steht ganz im Zeichen von Gemeinschaft und sozialen Kontakten. Kn\u00fcpfen Sie Kontakte zu Freunden und pflegen Sie Ihr Netzwerk; Ihre Geselligkeit wird heute besonders zum Vorschein kommen. Sie werden wahrscheinlich positive Energie von anderen anziehen. Besuchen Sie Veranstaltungen oder Gruppenaktivit\u00e4ten, die Ihren Interessen entsprechen. Z\u00f6gern Sie nicht, Ihre Ideen zu teilen; Zusammenarbeit kann zu gro\u00dfartigen Ergebnissen f\u00fchren. Die Kontakte, die Sie heute kn\u00fcpfen, k\u00f6nnten der Grundstein f\u00fcr zuk\u00fcnftige Projekte sein.<\/p>\n<p><strong>Sonntag (05.04.2026)<\/strong>Zum Wochenausklang nimm dir einen Moment Zeit, um \u00fcber deine Erlebnisse nachzudenken. Der Tag l\u00e4dt dazu ein, \u00fcber die gewonnenen Erkenntnisse zu reflektieren. \u00dcberpr\u00fcfe deine Ziele und passe sie gegebenenfalls an die neuen Einsichten an. Es ist ein Tag der Dankbarkeit; sch\u00e4tze den bisherigen Weg und freue dich auf das, was vor dir liegt. Nimm dir Zeit, um deine Seele zu n\u00e4hren, sei es in der Natur oder bei kreativen T\u00e4tigkeiten. Verbinde dich mit deiner pers\u00f6nlichen Vision und starte positiv in die kommende Woche.<\/p>\n<p><em>Denk daran, die Sterne begleiten dich auf deinem Weg. Glaube an dich und deinen Weg. Jeder Tag birgt neue M\u00f6glichkeiten, und jede Herausforderung ist eine Einladung zum Wachsen. Gehe mit offenem Herzen auf diese Reise, im Wissen, dass bessere Tage vor dir liegen. Du bist zu Gro\u00dfartigem f\u00e4hig, also lass deinen Mut nicht verlieren und dein Licht erstrahlen.<\/em><\/p>","protected":false},"excerpt":{"rendered":"<p>Week of 30.03.2026-05.04.2026 As the stars align this week, trust that the universe has a plan for you. Embrace the unknown with an open heart and a curious mind. The cosmos encourages you to focus on your growth and inner wisdom. Remember that each experience is a stepping stone toward your true path, and faith [&hellip;]<\/p>\n","protected":false},"author":1,"featured_media":1453,"parent":0,"menu_order":0,"comment_status":"open","ping_status":"closed","template":"","meta":{"_acf_changed":false,"footnotes":""},"class_list":["post-1452","page","type-page","status-publish","has-post-thumbnail","hentry"],"acf":[],"_links":{"self":[{"href":"https:\/\/theweekly-horoscope.com\/de\/wp-json\/wp\/v2\/pages\/1452","targetHints":{"allow":["GET"]}}],"collection":[{"href":"https:\/\/theweekly-horoscope.com\/de\/wp-json\/wp\/v2\/pages"}],"about":[{"href":"https:\/\/theweekly-horoscope.com\/de\/wp-json\/wp\/v2\/types\/page"}],"author":[{"embeddable":true,"href":"https:\/\/theweekly-horoscope.com\/de\/wp-json\/wp\/v2\/users\/1"}],"replies":[{"embeddable":true,"href":"https:\/\/theweekly-horoscope.com\/de\/wp-json\/wp\/v2\/comments?post=1452"}],"version-history":[{"count":113,"href":"https:\/\/theweekly-horoscope.com\/de\/wp-json\/wp\/v2\/pages\/1452\/revisions"}],"predecessor-version":[{"id":4884,"href":"https:\/\/theweekly-horoscope.com\/de\/wp-json\/wp\/v2\/pages\/1452\/revisions\/4884"}],"wp:featuredmedia":[{"embeddable":true,"href":"https:\/\/theweekly-horoscope.com\/de\/wp-json\/wp\/v2\/media\/1453"}],"wp:attachment":[{"href":"https:\/\/theweekly-horoscope.com\/de\/wp-json\/wp\/v2\/media?parent=1452"}],"curies":[{"name":"wp","href":"https:\/\/api.w.org\/{rel}","templated":true}]}}