{"id":1423,"date":"2024-01-17T05:18:27","date_gmt":"2024-01-17T05:18:27","guid":{"rendered":"https:\/\/theweekly-horoscope.com\/?page_id=1423"},"modified":"2026-04-05T19:00:52","modified_gmt":"2026-04-05T19:00:52","slug":"taurus-horoscope","status":"publish","type":"page","link":"https:\/\/theweekly-horoscope.com\/de\/taurus-horoscope\/","title":{"rendered":"Horoskop Stier"},"content":{"rendered":"<h2>Woche vom 06.04.2026 bis 12.04.2026<\/h2>\n<p><em>Das Universum erinnert uns daran, dass jeder Tag eine neue Chance f\u00fcr Ver\u00e4nderung und Wachstum bietet. In der kommenden Woche erhellen die Sterne deinen Weg und ermutigen dich, deine Komfortzone zu verlassen. Deine Ausdauer wird auf die Probe gestellt, doch vergiss nicht: Transformation ist oft mit Unbehagen verbunden. Vertraue dem Prozess und darauf, dass das Universum dich auf deiner Reise unterst\u00fctzt. Nutze deine innere St\u00e4rke und lass dich von den himmlischen Energien zur Verwirklichung deiner Tr\u00e4ume f\u00fchren.<\/em><\/p>\n<p><strong>Montag (06.04.2026)<\/strong>Diese Woche beginnt mit einer gewissen Unsicherheit, lieber Stier. Die Mondstellung k\u00f6nnte innere Unruhe wecken. Nutze diese Energie zur Selbstreflexion und \u00fcberlege, was dir wirklich wichtig ist. Nimm dir Zeit f\u00fcr dich selbst, um zur Ruhe zu kommen. Vermeide impulsive Entscheidungen; Klarheit wird sich im Laufe der Woche einstellen. Suche Unterst\u00fctzung bei deinen Lieben, denn ihre Sichtweisen k\u00f6nnen dir inneren Frieden schenken. Wenn du in den Tag startest, k\u00f6nntest du deine Gedanken und Gef\u00fchle in einem Tagebuch festhalten. Genie\u00dfe die Ruhe und Gelassenheit.<\/p>\n<p><strong>Dienstag (07.04.2026)<\/strong>Da Venus heute Ihr Haus der Kommunikation erhellt, ist es eine g\u00fcnstige Zeit, um mit anderen in Kontakt zu treten. Gespr\u00e4che k\u00f6nnten zu spannenden M\u00f6glichkeiten oder aufschlussreichen Erkenntnissen f\u00fchren. Nutzen Sie Ihren angeborenen Stier-Charme, um Beziehungen zu pflegen; Ihre Worte haben mehr Macht, als Sie denken. Beruflich ist heute ein Tag, um Ideen vorzustellen und mit Kollegen zusammenzuarbeiten. H\u00f6ren Sie genau zu, denn in den Worten anderer k\u00f6nnte g\u00f6ttliche Inspiration verborgen liegen. Seien Sie sich sicher, dass Ihre Bem\u00fchungen nicht unbemerkt bleiben werden.<\/p>\n<p><strong>Mittwoch (08.04.2026)<\/strong>Mitte der Woche r\u00fcckt der r\u00fcckl\u00e4ufige Merkur in den Vordergrund und regt zur Selbstreflexion an, vergangene Entscheidungen zu \u00fcberdenken. M\u00f6glicherweise sto\u00dfen Sie auf ungel\u00f6ste Probleme, die Ihre Aufmerksamkeit erfordern. Scheuen Sie sich nicht, sich mit Ihren Gef\u00fchlen auseinanderzusetzen oder Beziehungen zu kitten; Ihre Standhaftigkeit wird Ihnen dabei helfen. Nutzen Sie Ihre Kreativit\u00e4t, um Ihre Gedanken und Gef\u00fchle auszudr\u00fccken \u2013 vielleicht durch Kunst oder Schreiben. Bleiben Sie Ihren Werten treu und denken Sie daran, dass Fortschritt oft bedeutet, Altes neu zu betrachten, um den Weg f\u00fcr Neues zu ebnen.<\/p>\n<p><strong>Donnerstag (09.04.2026)<\/strong>Ein Tag der Ruhe und Besinnung erwartet dich, lieber Stier. Das Element Erde ist heute besonders pr\u00e4sent und macht den Tag ideal f\u00fcr praktische Aufgaben. Konzentriere dich auf finanzielle Angelegenheiten oder aufgeschobene Renovierungsprojekte. Deine pragmatische Herangehensweise wird zu bedeutenden Fortschritten f\u00fchren. Lass dich nicht ablenken und bleibe deinen Zielen treu. Im Privaten solltest du nach Ausgeglichenheit streben, indem du deine Beziehungen zu Familie und Freunden pflegst. Kleine Gesten der Freundlichkeit werden dein emotionales Wohlbefinden steigern.<\/p>\n<p><strong>Freitag (10.04.2026)<\/strong>Zum Wochenende hin ermutigen die Sterne Sie, bei einem kreativen Projekt oder einem pers\u00f6nlichen Vorhaben, das Sie begeistert, den Sprung ins kalte Wasser zu wagen. Es k\u00f6nnen Hindernisse auftreten, aber vertrauen Sie Ihrem Bauchgef\u00fchl und erinnern Sie sich an Ihre urspr\u00fcngliche Motivation. Netzwerken k\u00f6nnte heute unerwartete Vorteile bringen, z\u00f6gern Sie also nicht, Ihre Ziele mit anderen zu teilen. Die Energie des Tages f\u00f6rdert die Zusammenarbeit und verst\u00e4rkt Ihre Ideen. Lassen Sie Ihre Entschlossenheit und Ihren Charme erstrahlen!<\/p>\n<p><strong>Samstag (11.04.2026)<\/strong>Dieses Wochenende bietet die perfekte Gelegenheit f\u00fcr Erholung und Entspannung. Es l\u00e4dt zu Abenteuern ein, also planen Sie doch einen Kurztrip oder einen entspannten Tagesausflug. Genie\u00dfen Sie die Natur \u2013 sie wird Ihnen neue Kraft geben und Ihnen Klarheit schenken. Verbringen Sie Zeit mit Menschen, die Ihnen guttun. Wenn m\u00f6glich, g\u00f6nnen Sie sich unbeschwerte Aktivit\u00e4ten, die Ihnen Freude bereiten. Nutzen Sie diesen Tag zur Selbstreflexion, um abzuschalten und den Moment voll und ganz zu genie\u00dfen.<\/p>\n<p><strong>Sonntag (12.04.2026)<\/strong>Die Woche endet mit einer Erinnerung daran, deine Erfolge \u2013 ob gro\u00df oder klein \u2013 zu feiern. Es ist ein Tag der Dankbarkeit. Reflektiere \u00fcber die Lektionen der vergangenen Woche und w\u00fcrdige dein pers\u00f6nliches Wachstum. Dies ist der ideale Zeitpunkt f\u00fcr pers\u00f6nliche Rituale, die deinen Werten und Absichten entsprechen. Finde zu deiner Spiritualit\u00e4t zur\u00fcck, vielleicht durch Meditation oder stille Kontemplation. Setze dir Ziele f\u00fcr die kommende Woche und vertraue darauf, dass du besser vorbereitet bist, als du denkst, um alle Herausforderungen zu meistern.<\/p>\n<p><em>Zum Abschluss der Woche denk daran: Du hast die Macht, deine Realit\u00e4t zu gestalten. Jeder Moment birgt eine Lektion, und jede Erfahrung bringt dich der Selbsterkenntnis n\u00e4her. Bleib positiv und offen f\u00fcr die M\u00f6glichkeiten, die vor dir liegen. Das Universum wirkt zu deinem Vorteil. Vertraue deinem Weg und glaube fest daran \u2013 jeder Schritt bringt dich deinem Ziel n\u00e4her.<\/em><\/p>","protected":false},"excerpt":{"rendered":"<p>Week of 06.04.2026-12.04.2026 The cosmos is aligning to remind us that every day is a new opportunity to embrace change and growth. In the coming week, the stars will illuminate your path, encouraging you to step beyond your comfort zone. Your perseverance will be tested, but remember that transformation often comes with discomfort. Trust in [&hellip;]<\/p>\n","protected":false},"author":1,"featured_media":1424,"parent":0,"menu_order":0,"comment_status":"open","ping_status":"closed","template":"","meta":{"_acf_changed":false,"footnotes":""},"class_list":["post-1423","page","type-page","status-publish","has-post-thumbnail","hentry"],"acf":[],"_links":{"self":[{"href":"https:\/\/theweekly-horoscope.com\/de\/wp-json\/wp\/v2\/pages\/1423","targetHints":{"allow":["GET"]}}],"collection":[{"href":"https:\/\/theweekly-horoscope.com\/de\/wp-json\/wp\/v2\/pages"}],"about":[{"href":"https:\/\/theweekly-horoscope.com\/de\/wp-json\/wp\/v2\/types\/page"}],"author":[{"embeddable":true,"href":"https:\/\/theweekly-horoscope.com\/de\/wp-json\/wp\/v2\/users\/1"}],"replies":[{"embeddable":true,"href":"https:\/\/theweekly-horoscope.com\/de\/wp-json\/wp\/v2\/comments?post=1423"}],"version-history":[{"count":118,"href":"https:\/\/theweekly-horoscope.com\/de\/wp-json\/wp\/v2\/pages\/1423\/revisions"}],"predecessor-version":[{"id":4890,"href":"https:\/\/theweekly-horoscope.com\/de\/wp-json\/wp\/v2\/pages\/1423\/revisions\/4890"}],"wp:featuredmedia":[{"embeddable":true,"href":"https:\/\/theweekly-horoscope.com\/de\/wp-json\/wp\/v2\/media\/1424"}],"wp:attachment":[{"href":"https:\/\/theweekly-horoscope.com\/de\/wp-json\/wp\/v2\/media?parent=1423"}],"curies":[{"name":"wp","href":"https:\/\/api.w.org\/{rel}","templated":true}]}}